{"id":346,"date":"2026-02-04T13:34:57","date_gmt":"2026-02-04T13:34:57","guid":{"rendered":"https:\/\/www.agrizex.com\/cn\/?page_id=346"},"modified":"2026-03-02T00:51:17","modified_gmt":"2026-03-02T00:51:17","slug":"quote","status":"publish","type":"page","link":"https:\/\/www.agrizex.com\/cn\/quote\/","title":{"rendered":"\u7d22\u53d6\u5831\u50f9"},"content":{"rendered":"\t\t<div data-elementor-type=\"wp-page\" data-elementor-id=\"346\" class=\"elementor elementor-346\">\n\t\t\t\t<div class=\"elementor-element elementor-element-a5467f8 e-flex e-con-boxed e-con e-parent\" data-id=\"a5467f8\" data-element_type=\"container\" data-e-type=\"container\" data-settings=\"{&quot;background_background&quot;:&quot;classic&quot;}\">\n\t\t\t\t\t<div class=\"e-con-inner\">\n\t\t\t\t<div class=\"elementor-element elementor-element-b0fa58b elementor-widget elementor-widget-spacer\" data-id=\"b0fa58b\" data-element_type=\"widget\" data-e-type=\"widget\" data-widget_type=\"spacer.default\">\n\t\t\t\t\t\t\t<div class=\"elementor-spacer\">\n\t\t\t<div class=\"elementor-spacer-inner\"><\/div>\n\t\t<\/div>\n\t\t\t\t\t\t<\/div>\n\t\t\t\t<div class=\"elementor-element elementor-element-5993181 elementor-widget elementor-widget-heading\" data-id=\"5993181\" data-element_type=\"widget\" data-e-type=\"widget\" data-widget_type=\"heading.default\">\n\t\t\t\t\t<h2 class=\"elementor-heading-title elementor-size-default\">\u7d22\u53d6\u5831\u50f9<\/h2>\t\t\t\t<\/div>\n\t\t\t\t<div class=\"elementor-element elementor-element-b09f0e0 elementor-widget elementor-widget-spacer\" data-id=\"b09f0e0\" data-element_type=\"widget\" data-e-type=\"widget\" data-widget_type=\"spacer.default\">\n\t\t\t\t\t\t\t<div class=\"elementor-spacer\">\n\t\t\t<div class=\"elementor-spacer-inner\"><\/div>\n\t\t<\/div>\n\t\t\t\t\t\t<\/div>\n\t\t\t\t\t<\/div>\n\t\t\t\t<\/div>\n\t\t<div class=\"elementor-element elementor-element-30d95c1 e-flex e-con-boxed e-con e-parent\" data-id=\"30d95c1\" data-element_type=\"container\" data-e-type=\"container\">\n\t\t\t\t\t<div class=\"e-con-inner\">\n\t\t\t\t<div class=\"elementor-element elementor-element-798da9f elementor-widget elementor-widget-spacer\" data-id=\"798da9f\" data-element_type=\"widget\" data-e-type=\"widget\" data-widget_type=\"spacer.default\">\n\t\t\t\t\t\t\t<div class=\"elementor-spacer\">\n\t\t\t<div class=\"elementor-spacer-inner\"><\/div>\n\t\t<\/div>\n\t\t\t\t\t\t<\/div>\n\t\t\t\t\t<\/div>\n\t\t\t\t<\/div>\n\t\t<div class=\"elementor-element elementor-element-f0bebd8 e-flex e-con-boxed e-con e-parent\" data-id=\"f0bebd8\" data-element_type=\"container\" data-e-type=\"container\">\n\t\t\t\t\t<div class=\"e-con-inner\">\n\t\t\t\t<div class=\"elementor-element elementor-element-a6ba464 elementor-widget elementor-widget-text-editor\" data-id=\"a6ba464\" data-element_type=\"widget\" data-e-type=\"widget\" data-widget_type=\"text-editor.default\">\n\t\t\t\t\t\t\t\t\t<p>\u5982\u9700\u7372\u53d6\u6211\u5011\u8eca\u8f1b\u3001\u914d\u4ef6\u3001\u96f6\u4ef6\u6216\u670d\u52d9\u7684\u500b\u4eba\u5316\u5831\u50f9\uff0c\u8acb\u586b\u5beb\u6b64\u8868\u683c\u3002\u6211\u5011\u7684\u92b7\u552e\u5718\u968a\u5c07\u76e1\u5feb\u8207\u60a8\u806f\u7e6b\uff0c\u4ee5\u6eff\u8db3\u60a8\u7684\u9700\u6c42\u4e26\u63d0\u4f9b\u6700\u5408\u9069\u7684\u89e3\u6c7a\u65b9\u6848\u3002<\/p>\t\t\t\t\t\t\t\t<\/div>\n\t\t\t\t\t<\/div>\n\t\t\t\t<\/div>\n\t\t<div class=\"elementor-element elementor-element-f258142 e-flex e-con-boxed e-con e-parent\" data-id=\"f258142\" data-element_type=\"container\" data-e-type=\"container\">\n\t\t\t\t\t<div class=\"e-con-inner\">\n\t\t<div class=\"elementor-element elementor-element-650155f e-con-full e-flex e-con e-child\" data-id=\"650155f\" data-element_type=\"container\" data-e-type=\"container\">\n\t\t\t\t<\/div>\n\t\t<div class=\"elementor-element elementor-element-67d60a8 e-con-full e-flex e-con e-child\" data-id=\"67d60a8\" data-element_type=\"container\" data-e-type=\"container\">\n\t\t\t\t<div class=\"elementor-element elementor-element-0ca0bdb elementor-widget elementor-widget-wpforms\" data-id=\"0ca0bdb\" data-element_type=\"widget\" data-e-type=\"widget\" data-widget_type=\"wpforms.default\">\n\t\t\t\t<div class=\"elementor-widget-container\">\n\t\t\t\t\t<style id=\"wpforms-css-vars-elementor-widget-0ca0bdb\">\n\t\t\t\t.elementor-widget-wpforms.elementor-element-0ca0bdb {\n\t\t\t\t--wpforms-button-background-color: #e50202;\n\n\t\t\t}\n\t\t\t<\/style><div class=\"wpforms-container wpforms-container-full wpforms-render-modern\" id=\"wpforms-620\"><form id=\"wpforms-form-620\" class=\"wpforms-validate wpforms-form wpforms-ajax-form\" data-formid=\"620\" method=\"post\" enctype=\"multipart\/form-data\" action=\"\/cn\/wp-json\/wp\/v2\/pages\/346\" data-token=\"f39b2bd094ab5b046151bfd42ffd047c\" data-token-time=\"1778157484\"><noscript class=\"wpforms-error-noscript\">Please enable JavaScript in your browser to complete this form.<\/noscript><div id=\"wpforms-error-noscript\" style=\"display: none;\">Please enable JavaScript in your browser to complete this form.<\/div><div class=\"wpforms-field-container\"><div id=\"wpforms-620-field_13-container\" class=\"wpforms-field wpforms-field-select wpforms-field-select-style-classic\" data-field-id=\"13\"><label class=\"wpforms-field-label wpforms-label-hide\" for=\"wpforms-620-field_13\" aria-hidden=\"false\">Vous \u00eates ? <span class=\"wpforms-required-label\" aria-hidden=\"true\">*<\/span><\/label><select id=\"wpforms-620-field_13\" class=\"wpforms-field-large wpforms-field-required\" name=\"wpforms[fields][13]\" required=\"required\"><option value=\"\" class=\"placeholder\" disabled  selected='selected'>-Vous \u00eates ?-<\/option><option value=\"Monsieur\" >Monsieur<\/option><option value=\"Madame\" >Madame<\/option><\/select><\/div><div id=\"wpforms-620-field_1-container\" class=\"wpforms-field wpforms-field-name\" data-field-id=\"1\"><fieldset><legend class=\"wpforms-field-label wpforms-label-hide\" aria-hidden=\"false\">Nom <span class=\"wpforms-required-label\" aria-hidden=\"true\">*<\/span><\/legend><div class=\"wpforms-field-row wpforms-field-large\"><div class=\"wpforms-field-row-block wpforms-first wpforms-one-half\"><input type=\"text\" id=\"wpforms-620-field_1\" class=\"wpforms-field-name-first wpforms-field-required\" name=\"wpforms[fields][1][first]\" placeholder=\"Votre Pr\u00e9nom\" aria-errormessage=\"wpforms-620-field_1-error\" required><label for=\"wpforms-620-field_1\" class=\"wpforms-field-sublabel after wpforms-sublabel-hide\">First<\/label><\/div><div class=\"wpforms-field-row-block wpforms-one-half\"><input type=\"text\" id=\"wpforms-620-field_1-last\" class=\"wpforms-field-name-last wpforms-field-required\" name=\"wpforms[fields][1][last]\" placeholder=\"Votre Nom\" aria-errormessage=\"wpforms-620-field_1-last-error\" required><label for=\"wpforms-620-field_1-last\" class=\"wpforms-field-sublabel after wpforms-sublabel-hide\">Last<\/label><\/div><\/div><\/fieldset><\/div><div id=\"wpforms-620-field_2-container\" class=\"wpforms-field wpforms-field-email\" data-field-id=\"2\"><label class=\"wpforms-field-label wpforms-label-hide\" for=\"wpforms-620-field_2\" aria-hidden=\"false\">E-mail <span class=\"wpforms-required-label\" aria-hidden=\"true\">*<\/span><\/label><input type=\"email\" id=\"wpforms-620-field_2\" class=\"wpforms-field-large wpforms-field-required\" name=\"wpforms[fields][2]\" placeholder=\"Votre email\" spellcheck=\"false\" aria-errormessage=\"wpforms-620-field_2-error\" required><\/div><div id=\"wpforms-620-field_4-container\" class=\"wpforms-field wpforms-field-phone\" data-field-id=\"4\"><label class=\"wpforms-field-label wpforms-label-hide\" for=\"wpforms-620-field_4\" aria-hidden=\"false\">T\u00e9l\u00e9phone<\/label><input type=\"tel\" id=\"wpforms-620-field_4\" class=\"wpforms-field-large wpforms-smart-phone-field\" data-rule-smart-phone-field=\"true\" name=\"wpforms[fields][4]\" placeholder=\"Votre t\u00e9l\u00e9phone\" aria-label=\"T\u00e9l\u00e9phone\" aria-errormessage=\"wpforms-620-field_4-error\" ><\/div><div id=\"wpforms-620-field_5-container\" class=\"wpforms-field wpforms-field-text\" data-field-id=\"5\"><label class=\"wpforms-field-label wpforms-label-hide\" for=\"wpforms-620-field_5\" aria-hidden=\"false\">Soci\u00e9t\u00e9 \/ Organisation<\/label><input type=\"text\" id=\"wpforms-620-field_5\" class=\"wpforms-field-large\" name=\"wpforms[fields][5]\" placeholder=\"Soci\u00e9t\u00e9 \/ Organisation\" aria-errormessage=\"wpforms-620-field_5-error\" ><\/div><div id=\"wpforms-620-field_14-container\" class=\"wpforms-field wpforms-field-text\" data-field-id=\"14\"><label class=\"wpforms-field-label wpforms-label-hide\" for=\"wpforms-620-field_14\" aria-hidden=\"false\">Votre r\u00f4le dans l&#039;entreprise <span class=\"wpforms-required-label\" aria-hidden=\"true\">*<\/span><\/label><input type=\"text\" id=\"wpforms-620-field_14\" class=\"wpforms-field-large wpforms-field-required\" name=\"wpforms[fields][14]\" placeholder=\"Votre r\u00f4le dans l&#039;entreprise\" aria-errormessage=\"wpforms-620-field_14-error\" required><\/div><div id=\"wpforms-620-field_11-container\" class=\"wpforms-field wpforms-field-text\" data-field-id=\"11\"><label class=\"wpforms-field-label wpforms-label-hide\" for=\"wpforms-620-field_11\" aria-hidden=\"false\">Ville de residence <span class=\"wpforms-required-label\" aria-hidden=\"true\">*<\/span><\/label><input type=\"text\" id=\"wpforms-620-field_11\" class=\"wpforms-field-large wpforms-field-required\" name=\"wpforms[fields][11]\" placeholder=\"Ville de residence\" aria-errormessage=\"wpforms-620-field_11-error\" required><\/div><div id=\"wpforms-620-field_6-container\" class=\"wpforms-field wpforms-field-select wpforms-conditional-trigger wpforms-field-select-style-classic\" data-field-id=\"6\"><label class=\"wpforms-field-label wpforms-label-hide\" for=\"wpforms-620-field_6\" aria-hidden=\"false\">S\u00e9lectionnez l\u2019objectif principal de votre demande <span class=\"wpforms-required-label\" aria-hidden=\"true\">*<\/span><\/label><select id=\"wpforms-620-field_6\" class=\"wpforms-field-large wpforms-field-required\" name=\"wpforms[fields][6]\" required=\"required\"><option value=\"\" class=\"placeholder\" disabled  selected='selected'>- S\u00e9lectionnez l\u2019objectif principal de votre demande -<\/option><option value=\"Achat de v\u00e9hicule neuf (Toyota, autres mod\u00e8les)\" >Achat de v\u00e9hicule neuf (Toyota, autres mod\u00e8les)<\/option><option value=\"Achat d\u2019accessoires 4\u00d74 (Ironman 4\u00d74)\" >Achat d\u2019accessoires 4\u00d74 (Ironman 4\u00d74)<\/option><option value=\"Achat de pi\u00e8ces d\u00e9tach\u00e9es \/ pneus \/ services\" >Achat de pi\u00e8ces d\u00e9tach\u00e9es \/ pneus \/ services<\/option><option value=\"Demande de maintenance \/ entretien \/ r\u00e9paration\" >Demande de maintenance \/ entretien \/ r\u00e9paration<\/option><option value=\"Location de v\u00e9hicule (court ou long terme)\" >Location de v\u00e9hicule (court ou long terme)<\/option><option value=\"Leasing v\u00e9hicule\" >Leasing v\u00e9hicule<\/option><option value=\"Autre (pr\u00e9cisez)\" >Autre (pr\u00e9cisez)<\/option><\/select><\/div><div id=\"wpforms-620-field_7-container\" class=\"wpforms-field wpforms-field-text wpforms-conditional-field wpforms-conditional-show\" data-field-id=\"7\" style=\"display:none;\"><label class=\"wpforms-field-label wpforms-label-hide\" for=\"wpforms-620-field_7\" aria-hidden=\"false\">Autres besoins<\/label><input type=\"text\" id=\"wpforms-620-field_7\" class=\"wpforms-field-large\" name=\"wpforms[fields][7]\" placeholder=\"Autres besoins\" aria-errormessage=\"wpforms-620-field_7-error\" ><\/div><div id=\"wpforms-620-field_8-container\" class=\"wpforms-field wpforms-field-select wpforms-field-select-style-classic\" data-field-id=\"8\"><label class=\"wpforms-field-label wpforms-label-hide\" for=\"wpforms-620-field_8\" aria-hidden=\"false\">Type de v\u00e9hicule \/ produit <span class=\"wpforms-required-label\" aria-hidden=\"true\">*<\/span><\/label><select id=\"wpforms-620-field_8\" class=\"wpforms-field-large wpforms-field-required\" name=\"wpforms[fields][8]\" required=\"required\"><option value=\"\" class=\"placeholder\" disabled  selected='selected'>- Type de v\u00e9hicule \/ produit -<\/option><option value=\"Toyota Hilux\" >Toyota Hilux<\/option><option value=\"Land Cruiser S\u00e9rie 300\" >Land Cruiser S\u00e9rie 300<\/option><option value=\"Toyota Land Cruiser S\u00e9rie 70\" >Toyota Land Cruiser S\u00e9rie 70<\/option><option value=\"Fortuner\" >Fortuner<\/option><option value=\"Toyota RAV4\" >Toyota RAV4<\/option><option value=\"Urban Cruiser\" >Urban Cruiser<\/option><option value=\"Bus Toyota Coaster\" >Bus Toyota Coaster<\/option><option value=\"Toyota Hiace\" >Toyota Hiace<\/option><option value=\"Accessoires Ironman\" >Accessoires Ironman<\/option><option value=\"Pneus\" >Pneus<\/option><\/select><\/div>\t\t<div id=\"wpforms-620-field_3-container\"\n\t\t\tclass=\"wpforms-field wpforms-field-text\"\n\t\t\tdata-field-type=\"text\"\n\t\t\tdata-field-id=\"3\"\n\t\t\t>\n\t\t\t<label class=\"wpforms-field-label\" for=\"wpforms-620-field_3\" >Date l\u2019objectif devis.<\/label>\n\t\t\t<input type=\"text\" id=\"wpforms-620-field_3\" class=\"wpforms-field-medium\" name=\"wpforms[fields][3]\" >\n\t\t<\/div>\n\t\t<div id=\"wpforms-620-field_9-container\" class=\"wpforms-field wpforms-field-date-time\" data-field-id=\"9\"><fieldset><legend class=\"wpforms-field-label wpforms-label-hide\" aria-hidden=\"false\">Date de livraison ou d\u2019intervention souhait\u00e9e <span class=\"wpforms-required-label\" aria-hidden=\"true\">*<\/span><\/legend><div class=\"wpforms-field-row wpforms-field-large\"><div class=\"wpforms-field-row-block wpforms-date-type-datepicker\"><div class=\"wpforms-datepicker-wrap\"><input type=\"text\" id=\"wpforms-620-field_9\" class=\"wpforms-field-date-time-date wpforms-datepicker wpforms-field-required\" data-date-format=\"m\/d\/Y\" data-disable-past-dates=\"1\" data-disable-todays-date=\"0\" data-input=\"true\" name=\"wpforms[fields][9][date]\" placeholder=\"Date de livraison ou d\u2019intervention souhait\u00e9e\" aria-errormessage=\"wpforms-620-field_9-error\" required><a title=\"Clear Date\" data-clear role=\"button\" tabindex=\"0\" class=\"wpforms-datepicker-clear\" aria-label=\"Clear Date\" style=\"display:none;\"><\/a><\/div><label for=\"wpforms-620-field_9\" class=\"wpforms-field-sublabel after wpforms-sublabel-hide\">Date<\/label><\/div><div class=\"wpforms-field-row-block\"><input type=\"text\" id=\"wpforms-620-field_9-time\" class=\"wpforms-field-date-time-time wpforms-timepicker wpforms-field-required\" data-time-format=\"g:i A\" data-step=\"30\" data-rule-time12h=\"true\" name=\"wpforms[fields][9][time]\" placeholder=\"Heure\" aria-errormessage=\"wpforms-620-field_9-time-error\" required><label for=\"wpforms-620-field_9-time\" class=\"wpforms-field-sublabel after wpforms-sublabel-hide\">Time<\/label><\/div><\/div><\/fieldset><\/div><div id=\"wpforms-620-field_12-container\" class=\"wpforms-field wpforms-field-checkbox\" data-field-id=\"12\"><fieldset><legend class=\"wpforms-field-label wpforms-label-hide\" aria-hidden=\"false\">Je consens \u00e0 l\u2019utilisation de mes donn\u00e9es dans le cadre de cette demande de devis. <span class=\"wpforms-required-label\" aria-hidden=\"true\">*<\/span><\/legend><ul id=\"wpforms-620-field_12\" class=\"wpforms-field-required\"><li class=\"choice-3 depth-1\"><input type=\"checkbox\" id=\"wpforms-620-field_12_3\" name=\"wpforms[fields][12][]\" value=\"Je consens \u00e0 l\u2019utilisation de mes donn\u00e9es dans le cadre de cette demande de devis.\" aria-errormessage=\"wpforms-620-field_12_3-error\" required ><label class=\"wpforms-field-label-inline\" for=\"wpforms-620-field_12_3\">Je consens \u00e0 l\u2019utilisation de mes donn\u00e9es dans le cadre de cette demande de devis.<\/label><\/li><\/ul><\/fieldset><\/div><script>\n\t\t\t\t( function() {\n\t\t\t\t\tconst style = document.createElement( 'style' );\n\t\t\t\t\tstyle.appendChild( document.createTextNode( '#wpforms-620-field_3-container { position: absolute !important; overflow: hidden !important; display: inline !important; height: 1px !important; width: 1px !important; z-index: -1000 !important; padding: 0 !important; } #wpforms-620-field_3-container input { visibility: hidden; } #wpforms-conversational-form-page #wpforms-620-field_3-container label { counter-increment: none; }' ) );\n\t\t\t\t\tdocument.head.appendChild( style );\n\t\t\t\t\tdocument.currentScript?.remove();\n\t\t\t\t} )();\n\t\t\t<\/script><\/div><!-- .wpforms-field-container --><div class=\"wpforms-recaptcha-container wpforms-is-recaptcha wpforms-is-recaptcha-type-v3\" ><input type=\"hidden\" name=\"wpforms[recaptcha]\" value=\"\"><\/div><div class=\"wpforms-submit-container\" ><input type=\"hidden\" name=\"wpforms[id]\" value=\"620\"><input type=\"hidden\" name=\"page_title\" value=\"\"><input type=\"hidden\" name=\"page_url\" value=\"https:\/\/www.agrizex.com\/cn\/wp-json\/wp\/v2\/pages\/346\"><input type=\"hidden\" name=\"url_referer\" value=\"\"><button type=\"submit\" name=\"wpforms[submit]\" id=\"wpforms-submit-620\" class=\"wpforms-submit\" data-alt-text=\"Envoi...\" data-submit-text=\"Envoyer Maintenant\" aria-live=\"assertive\" value=\"wpforms-submit\">Envoyer Maintenant<\/button><img decoding=\"async\" src=\"https:\/\/www.agrizex.com\/cn\/wp-content\/plugins\/wpforms\/assets\/images\/submit-spin.svg\" class=\"wpforms-submit-spinner\" style=\"display: none;\" width=\"26\" height=\"26\" alt=\"Loading\"><\/div><\/form><\/div>  <!-- .wpforms-container -->\t\t\t\t<\/div>\n\t\t\t\t<\/div>\n\t\t\t\t<\/div>\n\t\t<div class=\"elementor-element elementor-element-93861aa e-con-full e-flex e-con e-child\" data-id=\"93861aa\" data-element_type=\"container\" data-e-type=\"container\">\n\t\t\t\t<\/div>\n\t\t\t\t\t<\/div>\n\t\t\t\t<\/div>\n\t\t\t\t<\/div>\n\t\t","protected":false},"excerpt":{"rendered":"<p>\u7d22\u53d6\u5831\u50f9 \u5982\u9700\u7372\u53d6\u6211\u5011\u8eca\u8f1b\u3001\u914d\u4ef6\u3001\u96f6\u4ef6\u6216\u670d\u52d9\u7684\u500b\u4eba\u5316\u5831\u50f9\uff0c\u8acb\u586b\u5beb\u6b64\u8868\u683c\u3002\u6211\u5011\u7684\u92b7\u552e\u5718\u968a\u5c07\u76e1\u5feb\u8207\u60a8\u806f\u7e6b\uff0c\u4ee5\u6eff\u8db3\u60a8\u7684\u9700\u6c42\u4e26\u63d0\u4f9b\u6700\u5408\u9069\u7684\u89e3\u6c7a\u65b9\u6848\u3002 Please enable JavaScript in your browser to complete this form.Please enable JavaScript in your browser to complete this form.Vous \u00eates ? *-Vous \u00eates ?-MonsieurMadame Nom * FirstLast E-mail *T\u00e9l\u00e9phone Soci\u00e9t\u00e9 \/ OrganisationVotre r\u00f4le dans l&#039;entreprise *Ville de residence *S\u00e9lectionnez l\u2019objectif principal de votre demande *&#8211; S\u00e9lectionnez l\u2019objectif principal de votre demande &#8211;Achat de [&hellip;]<\/p>\n","protected":false},"author":1,"featured_media":0,"parent":0,"menu_order":0,"comment_status":"closed","ping_status":"closed","template":"elementor_header_footer","meta":{"footnotes":""},"class_list":["post-346","page","type-page","status-publish","hentry"],"aioseo_notices":[],"_links":{"self":[{"href":"https:\/\/www.agrizex.com\/cn\/wp-json\/wp\/v2\/pages\/346","targetHints":{"allow":["GET"]}}],"collection":[{"href":"https:\/\/www.agrizex.com\/cn\/wp-json\/wp\/v2\/pages"}],"about":[{"href":"https:\/\/www.agrizex.com\/cn\/wp-json\/wp\/v2\/types\/page"}],"author":[{"embeddable":true,"href":"https:\/\/www.agrizex.com\/cn\/wp-json\/wp\/v2\/users\/1"}],"replies":[{"embeddable":true,"href":"https:\/\/www.agrizex.com\/cn\/wp-json\/wp\/v2\/comments?post=346"}],"version-history":[{"count":19,"href":"https:\/\/www.agrizex.com\/cn\/wp-json\/wp\/v2\/pages\/346\/revisions"}],"predecessor-version":[{"id":883,"href":"https:\/\/www.agrizex.com\/cn\/wp-json\/wp\/v2\/pages\/346\/revisions\/883"}],"wp:attachment":[{"href":"https:\/\/www.agrizex.com\/cn\/wp-json\/wp\/v2\/media?parent=346"}],"curies":[{"name":"wp","href":"https:\/\/api.w.org\/{rel}","templated":true}]}}