{"id":327,"date":"2026-02-04T13:11:56","date_gmt":"2026-02-04T13:11:56","guid":{"rendered":"https:\/\/www.agrizex.com\/cn\/?page_id=327"},"modified":"2026-03-02T00:50:26","modified_gmt":"2026-03-02T00:50:26","slug":"contact","status":"publish","type":"page","link":"https:\/\/www.agrizex.com\/cn\/contact\/","title":{"rendered":"\u806f\u7d61\u6211\u5011"},"content":{"rendered":"\t\t<div data-elementor-type=\"wp-page\" data-elementor-id=\"327\" class=\"elementor elementor-327\">\n\t\t\t\t<div class=\"elementor-element elementor-element-83601c8 e-flex e-con-boxed e-con e-parent\" data-id=\"83601c8\" data-element_type=\"container\" data-e-type=\"container\" data-settings=\"{&quot;background_background&quot;:&quot;classic&quot;}\">\n\t\t\t\t\t<div class=\"e-con-inner\">\n\t\t\t\t<div class=\"elementor-element elementor-element-db4ae24 elementor-widget elementor-widget-spacer\" data-id=\"db4ae24\" data-element_type=\"widget\" data-e-type=\"widget\" data-widget_type=\"spacer.default\">\n\t\t\t\t\t\t\t<div class=\"elementor-spacer\">\n\t\t\t<div class=\"elementor-spacer-inner\"><\/div>\n\t\t<\/div>\n\t\t\t\t\t\t<\/div>\n\t\t\t\t<div class=\"elementor-element elementor-element-773ce0c elementor-widget elementor-widget-heading\" data-id=\"773ce0c\" data-element_type=\"widget\" data-e-type=\"widget\" data-widget_type=\"heading.default\">\n\t\t\t\t\t<h2 class=\"elementor-heading-title elementor-size-default\">\u806f\u7d61\u6211\u5011<\/h2>\t\t\t\t<\/div>\n\t\t\t\t<div class=\"elementor-element elementor-element-438a5f5 elementor-widget elementor-widget-spacer\" data-id=\"438a5f5\" data-element_type=\"widget\" data-e-type=\"widget\" data-widget_type=\"spacer.default\">\n\t\t\t\t\t\t\t<div class=\"elementor-spacer\">\n\t\t\t<div class=\"elementor-spacer-inner\"><\/div>\n\t\t<\/div>\n\t\t\t\t\t\t<\/div>\n\t\t\t\t\t<\/div>\n\t\t\t\t<\/div>\n\t\t<div class=\"elementor-element elementor-element-d85e254 e-flex e-con-boxed e-con e-parent\" data-id=\"d85e254\" data-element_type=\"container\" data-e-type=\"container\">\n\t\t\t\t\t<div class=\"e-con-inner\">\n\t\t\t\t<div class=\"elementor-element elementor-element-b0bcfba elementor-widget elementor-widget-spacer\" data-id=\"b0bcfba\" data-element_type=\"widget\" data-e-type=\"widget\" data-widget_type=\"spacer.default\">\n\t\t\t\t\t\t\t<div class=\"elementor-spacer\">\n\t\t\t<div class=\"elementor-spacer-inner\"><\/div>\n\t\t<\/div>\n\t\t\t\t\t\t<\/div>\n\t\t\t\t\t<\/div>\n\t\t\t\t<\/div>\n\t\t<div class=\"elementor-element elementor-element-751ba2b e-flex e-con-boxed e-con e-parent\" data-id=\"751ba2b\" data-element_type=\"container\" data-e-type=\"container\">\n\t\t\t\t\t<div class=\"e-con-inner\">\n\t\t<div class=\"elementor-element elementor-element-1a96b44 e-con-full e-flex e-con e-child\" data-id=\"1a96b44\" data-element_type=\"container\" data-e-type=\"container\">\n\t\t\t\t<div class=\"elementor-element elementor-element-b9c6fb3 elementor-widget elementor-widget-heading\" data-id=\"b9c6fb3\" data-element_type=\"widget\" data-e-type=\"widget\" data-widget_type=\"heading.default\">\n\t\t\t\t\t<h2 class=\"elementor-heading-title elementor-size-default\">\u60a8\u5728\u525b\u679c\u6c11\u4e3b\u5171\u548c\u570b\u7684\u6c7d\u8eca\u5408\u4f5c\u5925\u4f34<\/h2>\t\t\t\t<\/div>\n\t\t\t\t<div class=\"elementor-element elementor-element-3bb19cc elementor-widget elementor-widget-text-editor\" data-id=\"3bb19cc\" data-element_type=\"widget\" data-e-type=\"widget\" data-widget_type=\"text-editor.default\">\n\t\t\t\t\t\t\t\t\t<p><span data-path-to-node=\"3,1\"><span class=\"citation-144\">\u6191\u85c9\u5728\u525b\u679c\u6c11\u4e3b\u5171\u548c\u570b\u8d85\u904e <\/span><b data-index-in-node=\"17\" data-path-to-node=\"3,1\"><span class=\"citation-144\">35 \u5e74\u7684\u5353\u8d8a\u71df\u904b\u7d93\u9a57<\/span><\/b><span class=\"citation-144\">\uff0c<\/span><\/span><span data-path-to-node=\"3,4\"><span class=\"citation-143\"> \u7121\u8ad6\u60a8\u662f\u7926\u696d\u516c\u53f8\u3001\u516c\u5171\u6a5f\u69cb\u9084\u662f\u500b\u4eba\u5ba2\u6236\uff0cAGRIZEX\u5718\u968a\u96a8\u6642\u6e96\u5099\u6eff\u8db3\u60a8\u7684\u6240\u6709\u4ea4\u901a\u9700\u6c42\u3002<\/span><\/span><\/p>\t\t\t\t\t\t\t\t<\/div>\n\t\t\t\t<div class=\"elementor-element elementor-element-cd41e45 elementor-icon-list--layout-traditional elementor-list-item-link-full_width elementor-widget elementor-widget-icon-list\" data-id=\"cd41e45\" data-element_type=\"widget\" data-e-type=\"widget\" data-widget_type=\"icon-list.default\">\n\t\t\t\t\t\t\t<ul class=\"elementor-icon-list-items\">\n\t\t\t\t\t\t\t<li class=\"elementor-icon-list-item\">\n\t\t\t\t\t\t\t\t\t\t\t<a href=\"mailto:info@agrizex.com\">\n\n\t\t\t\t\t\t\t\t\t\t\t\t<span class=\"elementor-icon-list-icon\">\n\t\t\t\t\t\t\t<svg aria-hidden=\"true\" class=\"e-font-icon-svg e-fas-envelope-open\" viewBox=\"0 0 512 512\" xmlns=\"http:\/\/www.w3.org\/2000\/svg\"><path d=\"M512 464c0 26.51-21.49 48-48 48H48c-26.51 0-48-21.49-48-48V200.724a48 48 0 0 1 18.387-37.776c24.913-19.529 45.501-35.365 164.2-121.511C199.412 29.17 232.797-.347 256 .003c23.198-.354 56.596 29.172 73.413 41.433 118.687 86.137 139.303 101.995 164.2 121.512A48 48 0 0 1 512 200.724V464zm-65.666-196.605c-2.563-3.728-7.7-4.595-11.339-1.907-22.845 16.873-55.462 40.705-105.582 77.079-16.825 12.266-50.21 41.781-73.413 41.43-23.211.344-56.559-29.143-73.413-41.43-50.114-36.37-82.734-60.204-105.582-77.079-3.639-2.688-8.776-1.821-11.339 1.907l-9.072 13.196a7.998 7.998 0 0 0 1.839 10.967c22.887 16.899 55.454 40.69 105.303 76.868 20.274 14.781 56.524 47.813 92.264 47.573 35.724.242 71.961-32.771 92.263-47.573 49.85-36.179 82.418-59.97 105.303-76.868a7.998 7.998 0 0 0 1.839-10.967l-9.071-13.196z\"><\/path><\/svg>\t\t\t\t\t\t<\/span>\n\t\t\t\t\t\t\t\t\t\t<span class=\"elementor-icon-list-text\">info@agrizex.com \u2022 sdm@agrizex.com<\/span>\n\t\t\t\t\t\t\t\t\t\t\t<\/a>\n\t\t\t\t\t\t\t\t\t<\/li>\n\t\t\t\t\t\t\t\t<li class=\"elementor-icon-list-item\">\n\t\t\t\t\t\t\t\t\t\t\t<a href=\"tel:+243997026749\">\n\n\t\t\t\t\t\t\t\t\t\t\t\t<span class=\"elementor-icon-list-icon\">\n\t\t\t\t\t\t\t<svg aria-hidden=\"true\" class=\"e-font-icon-svg e-fas-phone-alt\" viewBox=\"0 0 512 512\" xmlns=\"http:\/\/www.w3.org\/2000\/svg\"><path d=\"M497.39 361.8l-112-48a24 24 0 0 0-28 6.9l-49.6 60.6A370.66 370.66 0 0 1 130.6 204.11l60.6-49.6a23.94 23.94 0 0 0 6.9-28l-48-112A24.16 24.16 0 0 0 122.6.61l-104 24A24 24 0 0 0 0 48c0 256.5 207.9 464 464 464a24 24 0 0 0 23.4-18.6l24-104a24.29 24.29 0 0 0-14.01-27.6z\"><\/path><\/svg>\t\t\t\t\t\t<\/span>\n\t\t\t\t\t\t\t\t\t\t<span class=\"elementor-icon-list-text\">+243 997 026 749<\/span>\n\t\t\t\t\t\t\t\t\t\t\t<\/a>\n\t\t\t\t\t\t\t\t\t<\/li>\n\t\t\t\t\t\t\t\t<li class=\"elementor-icon-list-item\">\n\t\t\t\t\t\t\t\t\t\t\t<a href=\"https:\/\/share.google\/dIcHcVP4MhRHtRNdw\">\n\n\t\t\t\t\t\t\t\t\t\t\t\t<span class=\"elementor-icon-list-icon\">\n\t\t\t\t\t\t\t<svg aria-hidden=\"true\" class=\"e-font-icon-svg e-fas-map-marker-alt\" viewBox=\"0 0 384 512\" xmlns=\"http:\/\/www.w3.org\/2000\/svg\"><path d=\"M172.268 501.67C26.97 291.031 0 269.413 0 192 0 85.961 85.961 0 192 0s192 85.961 192 192c0 77.413-26.97 99.031-172.268 309.67-9.535 13.774-29.93 13.773-39.464 0zM192 272c44.183 0 80-35.817 80-80s-35.817-80-80-80-80 35.817-80 80 35.817 80 80 80z\"><\/path><\/svg>\t\t\t\t\t\t<\/span>\n\t\t\t\t\t\t\t\t\t\t<span class=\"elementor-icon-list-text\">\u7e3d\u516c\u53f8 - \u76e7\u672c\u5df4\u5e0c\uff1a\u6208\u5fb7\u5f17\u9b6f\u74e6\u00b7\u7a46\u8fb2\u6208\u5927\u905392\u865f\uff08\u539f\u5361\u85a9\u4f0a\uff09\uff0c\u76e7\u672c\u5df4\u5e0c\uff0c\u525b\u679c\u6c11\u4e3b\u5171\u548c\u570b\u3002<\/span>\n\t\t\t\t\t\t\t\t\t\t\t<\/a>\n\t\t\t\t\t\t\t\t\t<\/li>\n\t\t\t\t\t\t\t\t<li class=\"elementor-icon-list-item\">\n\t\t\t\t\t\t\t\t\t\t\t<a href=\"https:\/\/share.google\/dIcHcVP4MhRHtRNdw\">\n\n\t\t\t\t\t\t\t\t\t\t\t\t<span class=\"elementor-icon-list-icon\">\n\t\t\t\t\t\t\t<svg aria-hidden=\"true\" class=\"e-font-icon-svg e-fas-map-marker\" viewBox=\"0 0 384 512\" xmlns=\"http:\/\/www.w3.org\/2000\/svg\"><path d=\"M172.268 501.67C26.97 291.031 0 269.413 0 192 0 85.961 85.961 0 192 0s192 85.961 192 192c0 77.413-26.97 99.031-172.268 309.67-9.535 13.774-29.93 13.773-39.464 0z\"><\/path><\/svg>\t\t\t\t\t\t<\/span>\n\t\t\t\t\t\t\t\t\t\t<span class=\"elementor-icon-list-text\">\u79d1\u5a01\u9f4a\u5929\u7dda\u7ad9\uff1a\u525b\u679c\u6c11\u4e3b\u5171\u548c\u570b\u79d1\u5a01\u9f4a\u5e02\u55ac\u5229\u5340\u5229\u5361\u897f\u8def56\u865f<\/span>\n\t\t\t\t\t\t\t\t\t\t\t<\/a>\n\t\t\t\t\t\t\t\t\t<\/li>\n\t\t\t\t\t\t<\/ul>\n\t\t\t\t\t\t<\/div>\n\t\t\t\t<\/div>\n\t\t<div class=\"elementor-element elementor-element-392f237 e-con-full e-flex e-con e-child\" data-id=\"392f237\" data-element_type=\"container\" data-e-type=\"container\">\n\t\t\t\t<div class=\"elementor-element elementor-element-6c3ff8d elementor-widget elementor-widget-wpforms\" data-id=\"6c3ff8d\" data-element_type=\"widget\" data-e-type=\"widget\" data-widget_type=\"wpforms.default\">\n\t\t\t\t<div class=\"elementor-widget-container\">\n\t\t\t\t\t<style id=\"wpforms-css-vars-elementor-widget-6c3ff8d\">\n\t\t\t\t.elementor-widget-wpforms.elementor-element-6c3ff8d {\n\t\t\t\t--wpforms-button-background-color: #e50202;\n\n\t\t\t}\n\t\t\t<\/style><div class=\"wpforms-container wpforms-container-full wpforms-render-modern\" id=\"wpforms-342\"><form id=\"wpforms-form-342\" class=\"wpforms-validate wpforms-form wpforms-ajax-form\" data-formid=\"342\" method=\"post\" enctype=\"multipart\/form-data\" action=\"\/cn\/wp-json\/wp\/v2\/pages\/327\" data-token=\"3f7766bfa048f5a873fa7addb749d9da\" data-token-time=\"1778158059\"><noscript class=\"wpforms-error-noscript\">Please enable JavaScript in your browser to complete this form.<\/noscript><div id=\"wpforms-error-noscript\" style=\"display: none;\">Please enable JavaScript in your browser to complete this form.<\/div><div class=\"wpforms-field-container\"><div id=\"wpforms-342-field_6-container\" class=\"wpforms-field wpforms-field-select wpforms-field-select-style-classic\" data-field-id=\"6\"><label class=\"wpforms-field-label wpforms-label-hide\" for=\"wpforms-342-field_6\" aria-hidden=\"false\">Vous \u00eates ? <span class=\"wpforms-required-label\" aria-hidden=\"true\">*<\/span><\/label><select id=\"wpforms-342-field_6\" class=\"wpforms-field-large wpforms-field-required\" name=\"wpforms[fields][6]\" required=\"required\"><option value=\"\" class=\"placeholder\" disabled  selected='selected'>-\u4f60\u662f \uff1f-<\/option><option value=\"\u5148\u751f\" >\u5148\u751f<\/option><option value=\"\u592b\u4eba\" >\u592b\u4eba<\/option><\/select><\/div><div id=\"wpforms-342-field_1-container\" class=\"wpforms-field wpforms-field-name\" data-field-id=\"1\"><fieldset><legend class=\"wpforms-field-label wpforms-label-hide\" aria-hidden=\"false\">Nom <span class=\"wpforms-required-label\" aria-hidden=\"true\">*<\/span><\/legend><div class=\"wpforms-field-row wpforms-field-large\"><div class=\"wpforms-field-row-block wpforms-first wpforms-one-half\"><input type=\"text\" id=\"wpforms-342-field_1\" class=\"wpforms-field-name-first wpforms-field-required\" name=\"wpforms[fields][1][first]\" placeholder=\"Votre Pr\u00e9nom\" aria-errormessage=\"wpforms-342-field_1-error\" required><label for=\"wpforms-342-field_1\" class=\"wpforms-field-sublabel after wpforms-sublabel-hide\">First<\/label><\/div><div class=\"wpforms-field-row-block wpforms-one-half\"><input type=\"text\" id=\"wpforms-342-field_1-last\" class=\"wpforms-field-name-last wpforms-field-required\" name=\"wpforms[fields][1][last]\" placeholder=\"Votre Nom\" aria-errormessage=\"wpforms-342-field_1-last-error\" required><label for=\"wpforms-342-field_1-last\" class=\"wpforms-field-sublabel after wpforms-sublabel-hide\">Last<\/label><\/div><\/div><\/fieldset><\/div><div id=\"wpforms-342-field_2-container\" class=\"wpforms-field wpforms-field-email\" data-field-id=\"2\"><label class=\"wpforms-field-label wpforms-label-hide\" for=\"wpforms-342-field_2\" aria-hidden=\"false\">E-mail <span class=\"wpforms-required-label\" aria-hidden=\"true\">*<\/span><\/label><input type=\"email\" id=\"wpforms-342-field_2\" class=\"wpforms-field-large wpforms-field-required\" name=\"wpforms[fields][2]\" placeholder=\"\u96fb\u5b50\u90f5\u4ef6\" spellcheck=\"false\" aria-errormessage=\"wpforms-342-field_2-error\" required><\/div><div id=\"wpforms-342-field_4-container\" class=\"wpforms-field wpforms-field-phone\" data-field-id=\"4\"><label class=\"wpforms-field-label wpforms-label-hide\" for=\"wpforms-342-field_4\" aria-hidden=\"false\">T\u00e9l\u00e9phone <span class=\"wpforms-required-label\" aria-hidden=\"true\">*<\/span><\/label><input type=\"tel\" id=\"wpforms-342-field_4\" class=\"wpforms-field-large wpforms-field-required wpforms-smart-phone-field\" data-rule-smart-phone-field=\"true\" name=\"wpforms[fields][4]\" placeholder=\"\u4f60\u7684\u624b\u6a5f\" aria-label=\"T\u00e9l\u00e9phone\" aria-errormessage=\"wpforms-342-field_4-error\" required><\/div>\t\t<div id=\"wpforms-342-field_7-container\"\n\t\t\tclass=\"wpforms-field wpforms-field-text\"\n\t\t\tdata-field-type=\"text\"\n\t\t\tdata-field-id=\"7\"\n\t\t\t>\n\t\t\t<label class=\"wpforms-field-label\" for=\"wpforms-342-field_7\" >? ou \u00eates<\/label>\n\t\t\t<input type=\"text\" id=\"wpforms-342-field_7\" class=\"wpforms-field-medium\" name=\"wpforms[fields][7]\" >\n\t\t<\/div>\n\t\t<div id=\"wpforms-342-field_5-container\" class=\"wpforms-field wpforms-field-select wpforms-field-select-style-classic\" data-field-id=\"5\"><label class=\"wpforms-field-label wpforms-label-hide\" for=\"wpforms-342-field_5\" aria-hidden=\"false\">Quel service vous int\u00e9resse ? <span class=\"wpforms-required-label\" aria-hidden=\"true\">*<\/span><\/label><select id=\"wpforms-342-field_5\" class=\"wpforms-field-large wpforms-field-required\" name=\"wpforms[fields][5]\" required=\"required\"><option value=\"\" class=\"placeholder\" disabled  selected='selected'>--\u60a8\u5c0d\u54ea\u9805\u670d\u52d9\u6700\u611f\u8208\u8da3\uff1f--<\/option><option value=\"\u5c55\u5ef3\u548c\u8aee\u8a62\" >\u5c55\u5ef3\u548c\u8aee\u8a62<\/option><option value=\"\u8eca\u5eab\u53ca\u552e\u5f8c\u670d\u52d9\" >\u8eca\u5eab\u53ca\u552e\u5f8c\u670d\u52d9<\/option><option value=\"\u8eca\u8f1b\u79df\u8cc3\" >\u8eca\u8f1b\u79df\u8cc3<\/option><option value=\"\u500b\u6027\u5316\u5ba2\u88fd\u5316 4x4\" >\u500b\u6027\u5316\u5ba2\u88fd\u5316 4x4<\/option><option value=\"\u8a3b\u518a\u53ca\u5408\u898f\u5354\u52a9\" >\u8a3b\u518a\u53ca\u5408\u898f\u5354\u52a9<\/option><option value=\"\u5176\u4ed6\" >\u5176\u4ed6<\/option><\/select><\/div><div id=\"wpforms-342-field_3-container\" class=\"wpforms-field wpforms-field-textarea\" data-field-id=\"3\"><label class=\"wpforms-field-label wpforms-label-hide\" for=\"wpforms-342-field_3\" aria-hidden=\"false\">Commentaire ou Message<\/label><textarea id=\"wpforms-342-field_3\" class=\"wpforms-field-medium\" name=\"wpforms[fields][3]\" placeholder=\"\u8a55\u8ad6\u6216\u7559\u8a00\" aria-errormessage=\"wpforms-342-field_3-error\" ><\/textarea><\/div><script>\n\t\t\t\t( function() {\n\t\t\t\t\tconst style = document.createElement( 'style' );\n\t\t\t\t\tstyle.appendChild( document.createTextNode( '#wpforms-342-field_7-container { position: absolute !important; overflow: hidden !important; display: inline !important; height: 1px !important; width: 1px !important; z-index: -1000 !important; padding: 0 !important; } #wpforms-342-field_7-container input { visibility: hidden; } #wpforms-conversational-form-page #wpforms-342-field_7-container label { counter-increment: none; }' ) );\n\t\t\t\t\tdocument.head.appendChild( style );\n\t\t\t\t\tdocument.currentScript?.remove();\n\t\t\t\t} )();\n\t\t\t<\/script><\/div><!-- .wpforms-field-container --><div class=\"wpforms-recaptcha-container wpforms-is-recaptcha wpforms-is-recaptcha-type-v3\" ><input type=\"hidden\" name=\"wpforms[recaptcha]\" value=\"\"><\/div><div class=\"wpforms-submit-container\" ><input type=\"hidden\" name=\"wpforms[id]\" value=\"342\"><input type=\"hidden\" name=\"page_title\" value=\"\"><input type=\"hidden\" name=\"page_url\" value=\"https:\/\/www.agrizex.com\/cn\/wp-json\/wp\/v2\/pages\/327\"><input type=\"hidden\" name=\"url_referer\" value=\"\"><button type=\"submit\" name=\"wpforms[submit]\" id=\"wpforms-submit-342\" class=\"wpforms-submit\" data-alt-text=\"Envoi...\" data-submit-text=\"\u7acb\u5373\u767c\u9001\" aria-live=\"assertive\" value=\"wpforms-submit\">\u7acb\u5373\u767c\u9001<\/button><img decoding=\"async\" src=\"https:\/\/www.agrizex.com\/cn\/wp-content\/plugins\/wpforms\/assets\/images\/submit-spin.svg\" class=\"wpforms-submit-spinner\" style=\"display: none;\" width=\"26\" height=\"26\" alt=\"Loading\"><\/div><\/form><\/div>  <!-- .wpforms-container -->\t\t\t\t<\/div>\n\t\t\t\t<\/div>\n\t\t\t\t<\/div>\n\t\t\t\t\t<\/div>\n\t\t\t\t<\/div>\n\t\t\t\t<\/div>\n\t\t","protected":false},"excerpt":{"rendered":"<p>\u806f\u7d61\u6211\u5011 \u60a8\u5728\u525b\u679c\u6c11\u4e3b\u5171\u548c\u570b\u7684\u6c7d\u8eca\u5408\u4f5c\u5925\u4f34 \u6191\u85c9\u5728\u525b\u679c\u6c11\u4e3b\u5171\u548c\u570b\u8d85\u904e 35 \u5e74\u7684\u5353\u8d8a\u71df\u904b\u7d93\u9a57\uff0c \u7121\u8ad6\u60a8\u662f\u7926\u696d\u516c\u53f8\u3001\u516c\u5171\u6a5f\u69cb\u9084\u662f\u500b\u4eba\u5ba2\u6236\uff0cAGRIZEX\u5718\u968a\u96a8\u6642\u6e96\u5099\u6eff\u8db3\u60a8\u7684\u6240\u6709\u4ea4\u901a\u9700\u6c42\u3002 info@agrizex.com \u2022 sdm@agrizex.com +243 997 026 749 \u7e3d\u516c\u53f8 &#8211; \u76e7\u672c\u5df4\u5e0c\uff1a\u6208\u5fb7\u5f17\u9b6f\u74e6\u00b7\u7a46\u8fb2\u6208\u5927\u905392\u865f\uff08\u539f\u5361\u85a9\u4f0a\uff09\uff0c\u76e7\u672c\u5df4\u5e0c\uff0c\u525b\u679c\u6c11\u4e3b\u5171\u548c\u570b\u3002 \u79d1\u5a01\u9f4a\u5929\u7dda\u7ad9\uff1a\u525b\u679c\u6c11\u4e3b\u5171\u548c\u570b\u79d1\u5a01\u9f4a\u5e02\u55ac\u5229\u5340\u5229\u5361\u897f\u8def56\u865f Please enable JavaScript in your browser to complete this form.Please enable JavaScript in your browser to complete this form.Vous \u00eates ? *-\u4f60\u662f \uff1f-\u5148\u751f\u592b\u4eba Nom * FirstLast E-mail *T\u00e9l\u00e9phone * Quel service vous int\u00e9resse ? *&#8211;\u60a8\u5c0d\u54ea\u9805\u670d\u52d9\u6700\u611f\u8208\u8da3\uff1f&#8211;\u5c55\u5ef3\u548c\u8aee\u8a62\u8eca\u5eab\u53ca\u552e\u5f8c\u670d\u52d9\u8eca\u8f1b\u79df\u8cc3\u500b\u6027\u5316\u5ba2\u88fd\u5316 4&#215;4\u8a3b\u518a\u53ca\u5408\u898f\u5354\u52a9\u5176\u4ed6Commentaire ou Message [&hellip;]<\/p>\n","protected":false},"author":1,"featured_media":0,"parent":0,"menu_order":0,"comment_status":"closed","ping_status":"closed","template":"elementor_header_footer","meta":{"footnotes":""},"class_list":["post-327","page","type-page","status-publish","hentry"],"aioseo_notices":[],"_links":{"self":[{"href":"https:\/\/www.agrizex.com\/cn\/wp-json\/wp\/v2\/pages\/327","targetHints":{"allow":["GET"]}}],"collection":[{"href":"https:\/\/www.agrizex.com\/cn\/wp-json\/wp\/v2\/pages"}],"about":[{"href":"https:\/\/www.agrizex.com\/cn\/wp-json\/wp\/v2\/types\/page"}],"author":[{"embeddable":true,"href":"https:\/\/www.agrizex.com\/cn\/wp-json\/wp\/v2\/users\/1"}],"replies":[{"embeddable":true,"href":"https:\/\/www.agrizex.com\/cn\/wp-json\/wp\/v2\/comments?post=327"}],"version-history":[{"count":61,"href":"https:\/\/www.agrizex.com\/cn\/wp-json\/wp\/v2\/pages\/327\/revisions"}],"predecessor-version":[{"id":880,"href":"https:\/\/www.agrizex.com\/cn\/wp-json\/wp\/v2\/pages\/327\/revisions\/880"}],"wp:attachment":[{"href":"https:\/\/www.agrizex.com\/cn\/wp-json\/wp\/v2\/media?parent=327"}],"curies":[{"name":"wp","href":"https:\/\/api.w.org\/{rel}","templated":true}]}}